{"id":248,"date":"2024-02-20T16:31:16","date_gmt":"2024-02-20T16:31:16","guid":{"rendered":"https:\/\/yamberadiodigital.com\/?page_id=248"},"modified":"2024-02-20T16:31:39","modified_gmt":"2024-02-20T16:31:39","slug":"chat-online","status":"publish","type":"page","link":"https:\/\/yamberadiodigital.com\/index.php\/chat-online\/","title":{"rendered":"Chat online"},"content":{"rendered":"\t\t<div data-elementor-type=\"wp-page\" data-elementor-id=\"248\" class=\"elementor elementor-248\" data-elementor-post-type=\"page\">\n\t\t\t\t\t\t<section data-particle_enable=\"false\" data-particle-mobile-disabled=\"false\" class=\"elementor-section elementor-top-section elementor-element elementor-element-a5b5efa elementor-section-boxed elementor-section-height-default elementor-section-height-default\" data-id=\"a5b5efa\" data-element_type=\"section\">\n\t\t\t\t\t\t<div class=\"elementor-container elementor-column-gap-default\">\n\t\t\t\t\t<div class=\"elementor-column elementor-col-100 elementor-top-column elementor-element elementor-element-c2b86ed\" data-id=\"c2b86ed\" data-element_type=\"column\">\n\t\t\t<div class=\"elementor-widget-wrap elementor-element-populated\">\n\t\t\t\t\t\t<div class=\"elementor-element elementor-element-c22de74 elementor-widget elementor-widget-shortcode\" data-id=\"c22de74\" data-element_type=\"widget\" data-widget_type=\"shortcode.default\">\n\t\t\t\t<div class=\"elementor-widget-container\">\n\t\t\t\t\t<div class=\"elementor-shortcode\"><div id=\"simple-ajax-chat\"><div id=\"sac-content\"><\/div><div id=\"sac-output\"><div id=\"sac-latest-message\"><span>\u00daltimo mensaje:<\/span> <em id=\"responseTime\">Hace 1 mes, 1 semana<\/em><\/div>\n<ul id=\"sac-messages\">\n<li class=\"sac-chat-message sac-static sac-user-Cenide-Mosquera\" data-time=\"2026-03-16,03:24:34\">\n<span class=\"sac-chat-name\" title=\"Enviado hace 1 mes, 1 semana\">Cenide Mosquera : <\/span>  Un saludito en el cerrito valle a Miguel Mosquera m\u00ed padre desde la coru\u00f1a en Espa\u00f1a<\/li>\n<li class=\"sac-chat-message sac-static sac-user-Danielle-Brawn\" data-time=\"2026-03-16,03:22:45\">\n<span class=\"sac-chat-name\" title=\"Enviado hace 1 mes, 1 semana\">Danielle Brawn : <\/span>  Desde d\u00f3nde transmiten?<\/li>\n<li class=\"sac-chat-message sac-static sac-user-Omar-Cer\u00f3n\" data-time=\"2026-03-16,03:21:36\">\n<span class=\"sac-chat-name\" title=\"Enviado hace 1 mes, 1 semana\">Omar Cer\u00f3n : <\/span>  Buena meloco<\/li>\n<li class=\"sac-chat-message sac-static sac-user-Jorge\" data-time=\"2026-03-16,03:20:35\">\n<span class=\"sac-chat-name\" title=\"Enviado hace 1 mes, 1 semana\">Jorge : <\/span>  Epa...<\/li>\n<li class=\"sac-chat-message sac-static sac-user-guest_1320\" data-time=\"2026-03-14,18:35:50\">\n<span class=\"sac-chat-name\" title=\"Enviado hace 1 mes, 1 semana\">guest_1320 : <\/span>  Saludos desde Richmond Virginia<\/li>\n<li class=\"sac-chat-message sac-static sac-user-guest_1320\" data-time=\"2026-03-14,18:35:27\">\n<span class=\"sac-chat-name\" title=\"Enviado hace 1 mes, 1 semana\">guest_1320 : <\/span>  Saludos<\/li>\n<li class=\"sac-chat-message sac-static sac-user-guest_9754\" data-time=\"2026-03-06,17:49:53\">\n<span class=\"sac-chat-name\" title=\"Enviado hace 1 mes, 2 semanas\">guest_9754 : <\/span>  Salsaludos desde Vancouver Canad\u00e1 Elciades Romero cacharreando en m\u00ed celular encontr\u00e9 \u00e9sta buena emisora al parecer de m\u00ed pais ,buena \u00e9sa paisanos me alegran mucho las horas en que la escucho<\/li>\n<li class=\"sac-chat-message sac-static sac-user-Lorenzo-Mart\u00ednez\" data-time=\"2025-12-26,06:17:31\">\n<span class=\"sac-chat-name\" title=\"Enviado hace 3 mess, 4 semanas\">Lorenzo Mart\u00ednez : <\/span>  Aqu\u00ed junto a m\u00ed se\u00f1ora escuchando por primera vez \u00e9sta emisora tan buena saludes para sus oyentes y locutores desde C\u00facuta Colombia de d\u00f3nde son? De ac\u00e1 de colombia?<\/li>\n<li class=\"sac-chat-message sac-static sac-user-La-familia-Calder\u00f3n\" data-time=\"2025-12-26,06:14:28\">\n<span class=\"sac-chat-name\" title=\"Enviado hace 3 mess, 4 semanas\">La familia Calder\u00f3n : <\/span>  Estamos felices celebrando y divertiendonos con \u00e9sa sabrosa m\u00fasica que nos recuerda nuestra patria somos del barrio el troncal de Cali pachanguero feliz a\u00f1o para todos<\/li>\n<li class=\"sac-chat-message sac-static sac-user-Jos\u00e9-Joaqu\u00edn-Salce\" data-time=\"2025-12-26,06:10:45\">\n<span class=\"sac-chat-name\" title=\"Enviado hace 3 mess, 4 semanas\">Jos\u00e9 Joaqu\u00edn Salce : <\/span>  Un saludo para los oyentes de todo el mundo y en especial para m\u00ed hermano su familia en el estado de Carabobo Venezuela desde Guacara Edo de Barinas Venezuela un feliz a\u00f1o nuevo 2026 para todos que Dios los bendiga<\/li>\n<li class=\"sac-chat-message sac-static sac-user-John-Jairo-Murillo-T\" data-time=\"2025-12-26,06:07:16\">\n<span class=\"sac-chat-name\" title=\"Enviado hace 3 mess, 4 semanas\">John Jairo Murillo T : <\/span>  El Viejo Manci ayayay...muy buena \u00e9sa Mancilla que bueno... que bueno.... excelente<\/li>\n<li class=\"sac-chat-message sac-static sac-user-Daniel-Roa-barrio-la\" data-time=\"2025-12-26,06:04:50\">\n<span class=\"sac-chat-name\" title=\"Enviado hace 3 mess, 4 semanas\">Daniel Roa barrio la : <\/span>  Excelente m\u00fasica una feliz Navidad y pr\u00f3spero a\u00f1o nuevo 2026 complacerme con la pachanga del barrio obrero<\/li>\n<li class=\"sac-chat-message sac-static sac-user-Andrea-Vanegas-Desde\" data-time=\"2025-12-26,06:02:04\">\n<span class=\"sac-chat-name\" title=\"Enviado hace 3 mess, 4 semanas\">Andrea Vanegas Desde : <\/span>  Un fuerte abrazo para el Dj Harold se le recuerda desde est\u00e1s fr\u00edas y lejanas tierras lo distingo desde Elizabeth<\/li>\n<li class=\"sac-chat-message sac-static sac-user-Ruby-Cardona\" data-time=\"2025-12-26,05:58:29\">\n<span class=\"sac-chat-name\" title=\"Enviado hace 3 mess, 4 semanas\">Ruby Cardona : <\/span>  Desde Tarragona Espa\u00f1a Gracias por recordarme la tierra excelente m\u00fasica un feliz a\u00f1o para todos<\/li>\n<li class=\"sac-chat-message sac-static sac-user-Johnatan-Barcelona-E\" data-time=\"2025-12-26,05:54:54\">\n<span class=\"sac-chat-name\" title=\"Enviado hace 3 mess, 4 semanas\">Johnatan Barcelona E : <\/span>  Feliz A\u00f1o<\/li>\n<li class=\"sac-chat-message sac-static sac-user-Dj-harold\" data-time=\"2025-11-21,21:01:51\">\n<span class=\"sac-chat-name\" title=\"Enviado hace 5 mess\">Dj harold : <\/span>  buenas tardes para todos<\/li>\n<li class=\"sac-chat-message sac-static sac-user-Dj-Harold\" data-time=\"2025-11-21,02:46:26\">\n<span class=\"sac-chat-name\" title=\"Enviado hace 5 mess\">Dj Harold : <\/span>  Ahora si<\/li>\n<li class=\"sac-chat-message sac-static sac-user-guest_8797-Dj-Harold\" data-time=\"2025-11-21,02:45:42\">\n<span class=\"sac-chat-name\" title=\"Enviado hace 5 mess\">guest_8797 Dj Harold : <\/span>  Saludos<\/li>\n<li class=\"sac-chat-message sac-static sac-user-Carlos-Meza-pilu\" data-time=\"2025-05-10,17:35:34\">\n<span class=\"sac-chat-name\" title=\"Enviado hace 11 mess, 2 semanas\">Carlos Meza-pilu : <\/span>  Q melodiaaaas!! Saludos a todos las madres q sintonizan radio digital<\/li>\n<li class=\"sac-chat-message sac-static sac-user-guest_6812\" data-time=\"2025-05-10,17:24:14\">\n<span class=\"sac-chat-name\" title=\"Enviado hace 11 mess, 2 semanas\">guest_6812 : <\/span>  Saludos Fernando y su mesa de trabajo, feliz d\u00eda de la madre a todas las madres y madres potenciales del mundo. Ancizar Ceballos Comunidad Valenciana, Provincia de Alicante, Municipio de Benejuzar<\/li>\n<li class=\"sac-chat-message sac-static sac-user-JVS-PUBLI\" data-time=\"2025-05-10,17:17:40\">\n<span class=\"sac-chat-name\" title=\"Enviado hace 11 mess, 2 semanas\">JVS PUBLI : <\/span>  saludos<\/li>\n<li class=\"sac-chat-message sac-static sac-user-La-Monita-y-Fernando\" data-time=\"2025-04-26,17:18:48\">\n<span class=\"sac-chat-name\" title=\"Enviado hace 12 mess\">La Monita y Fernando : <\/span>  Saludos para todos<\/li>\n<li class=\"sac-chat-message sac-static sac-user-Stefy\" data-time=\"2025-04-26,17:11:34\">\n<span class=\"sac-chat-name\" title=\"Enviado hace 12 mess\">Stefy : <\/span>  Mi Adri Hermosa \ud83d\udc9c<\/li>\n<li class=\"sac-chat-message sac-static sac-user-Kate-Torres\" data-time=\"2025-04-21,23:57:06\">\n<span class=\"sac-chat-name\" title=\"Enviado hace 1 a\u00f1o\">Kate Torres : <\/span>  Saludos! \ud83d\ude0a<\/li>\n<li class=\"sac-chat-message sac-static sac-user-Az\u00facarrr\" data-time=\"2025-04-12,18:56:38\">\n<span class=\"sac-chat-name\" title=\"Enviado hace 1 a\u00f1o\">Az\u00facarrr : <\/span>  Gracias a ustedes, un abrazo.<\/li>\n<li class=\"sac-chat-message sac-static sac-user-Az\u00facarrr\" data-time=\"2025-04-12,18:56:24\">\n<span class=\"sac-chat-name\" title=\"Enviado hace 1 a\u00f1o\">Az\u00facarrr : <\/span>  Gracias por lel saludito Fernando.<\/li>\n<li class=\"sac-chat-message sac-static sac-user-Az\u00facarrr\" data-time=\"2025-04-12,18:49:41\">\n<span class=\"sac-chat-name\" title=\"Enviado hace 1 a\u00f1o\">Az\u00facarrr : <\/span>  Buenas tardes para todos.<\/li>\n<li class=\"sac-chat-message sac-static sac-user-Saby-Escobar\" data-time=\"2025-03-22,17:26:24\">\n<span class=\"sac-chat-name\" title=\"Enviado hace 1 a\u00f1o, 1 mes\">Saby Escobar : <\/span>  Saludos cardona, me recuerda agozar latino \ud83d\ude01<\/li>\n<li class=\"sac-chat-message sac-static sac-user-Cejas\" data-time=\"2025-03-18,00:04:44\">\n<span class=\"sac-chat-name\" title=\"Enviado hace 1 a\u00f1o, 1 mes\">Cejas : <\/span>  Elegante mompa<\/li>\n<li class=\"sac-chat-message sac-static sac-user-Gatusalsa\" data-time=\"2025-03-17,23:41:37\">\n<span class=\"sac-chat-name\" title=\"Enviado hace 1 a\u00f1o, 1 mes\">Gatusalsa : <\/span>  Que parezca Salsared ps<\/li>\n<li class=\"sac-chat-message sac-static sac-user-DJPERRY\" data-time=\"2025-03-17,23:35:16\">\n<span class=\"sac-chat-name\" title=\"Enviado hace 1 a\u00f1o, 1 mes\">DJPERRY : <\/span>  exeelente melocha se\u00f1oressssssssssssss<\/li>\n<li class=\"sac-chat-message sac-static sac-user-Emilio-Londo\u00f1o\" data-time=\"2025-03-17,23:29:42\">\n<span class=\"sac-chat-name\" title=\"Enviado hace 1 a\u00f1o, 1 mes\">Emilio Londo\u00f1o : <\/span>  Buena programaci\u00f3n<\/li>\n<li class=\"sac-chat-message sac-static sac-user-DJPERRY\" data-time=\"2025-03-17,22:53:08\">\n<span class=\"sac-chat-name\" title=\"Enviado hace 1 a\u00f1o, 1 mes\">DJPERRY : <\/span>  HAY PROGRAMADOR EN VIVO O ESTA EL AUTOMATICO<\/li>\n<li class=\"sac-chat-message sac-static sac-user-guest_6331-PERRY\" data-time=\"2025-03-17,22:51:39\">\n<span class=\"sac-chat-name\" title=\"Enviado hace 1 a\u00f1o, 1 mes\">guest_6331 PERRY : <\/span>  BUENA MELOCHAAAAAAAAAAA<\/li>\n<li class=\"sac-chat-message sac-static sac-user-DJperry\" data-time=\"2025-03-17,22:47:55\">\n<span class=\"sac-chat-name\" title=\"Enviado hace 1 a\u00f1o, 1 mes\">DJperry : <\/span>  hola buenas<\/li>\n<li class=\"sac-chat-message sac-static sac-user-Carlos-Meza-pilu\" data-time=\"2025-03-15,18:08:29\">\n<span class=\"sac-chat-name\" title=\"Enviado hace 1 a\u00f1o, 1 mes\">Carlos Meza-pilu : <\/span>  Saludos ... Hermosa melod\u00eda!!<\/li>\n<li class=\"sac-chat-message sac-static sac-user-guest_6114\" data-time=\"2025-03-15,18:07:33\">\n<span class=\"sac-chat-name\" title=\"Enviado hace 1 a\u00f1o, 1 mes\">guest_6114 : <\/span>  Q melodiaaaas!!!saludos a los monitos!!!<\/li>\n<li class=\"sac-chat-message sac-static sac-user-Diego-Be\" data-time=\"2025-03-15,17:00:07\">\n<span class=\"sac-chat-name\" title=\"Enviado hace 1 a\u00f1o, 1 mes\">Diego Be : <\/span>  Reportando sinton\u00eda desde Cali, la sucursal del cielo y capital de la salsa y el cholao v\u00e9<\/li>\n<li class=\"sac-chat-message sac-static sac-user-Luz-Stella-Molina\" data-time=\"2025-03-15,16:50:48\">\n<span class=\"sac-chat-name\" title=\"Enviado hace 1 a\u00f1o, 1 mes\">Luz Stella Molina : <\/span>  Buenos dias genterio<\/li>\n<li class=\"sac-chat-message sac-static sac-user-Emilio-Londo\u00f1o\" data-time=\"2025-03-10,23:14:52\">\n<span class=\"sac-chat-name\" title=\"Enviado hace 1 a\u00f1o, 1 mes\">Emilio Londo\u00f1o : <\/span>  Saludos Fernando. Felicitaciones por la buena programaci\u00f3n<\/li>\n<li class=\"sac-chat-message sac-static sac-user-guest_1457\" data-time=\"2025-03-04,00:22:08\">\n<span class=\"sac-chat-name\" title=\"Enviado hace 1 a\u00f1o, 1 mes\">guest_1457 : <\/span>  Salud\u00e1 al old...\ud83d\ude01<\/li>\n<li class=\"sac-chat-message sac-static sac-user-Richie-Viera\" data-time=\"2025-03-03,23:31:53\">\n<span class=\"sac-chat-name\" title=\"Enviado hace 1 a\u00f1o, 1 mes\">Richie Viera : <\/span>  Se escucha fuerte y preciso, felicitaciones Fernando, que Viva el Latin Jazz<\/li>\n<li class=\"sac-chat-message sac-static sac-user-Dj-barrios\" data-time=\"2025-01-04,02:15:17\">\n<span class=\"sac-chat-name\" title=\"Enviado hace 1 a\u00f1o, 3 mess\">Dj barrios : <\/span>  Hola<\/li>\n<li class=\"sac-chat-message sac-static sac-user-guest_1209\" data-time=\"2025-01-04,02:10:04\">\n<span class=\"sac-chat-name\" title=\"Enviado hace 1 a\u00f1o, 3 mess\">guest_1209 : <\/span>  Oye calidad viejo Manci, que bueno, cuentame que te pareci\u00f3 lo que te envi\u00e9 en ma\u00f1ana?<\/li>\n<li class=\"sac-chat-message sac-static sac-user-guest_8100\" data-time=\"2024-06-07,22:44:43\">\n<span class=\"sac-chat-name\" title=\"Enviado hace 1 a\u00f1o, 10 mess\">guest_8100 : <\/span>  Q cl\u00e1sicos sigan asi\ud83d\ude0e<\/li>\n<li class=\"sac-chat-message sac-static sac-user-guest_330\" data-time=\"2024-02-20,16:33:50\">\n<span class=\"sac-chat-name\" title=\"Enviado hace 2 a\u00f1os, 2 mess\">guest_330 : <\/span>  Hola<\/li>\n<li class=\"sac-chat-message sac-static sac-user-El-administrador\" data-time=\"2024-02-20,16:30:18\">\n<span class=\"sac-chat-name\" title=\"Enviado hace 2 a\u00f1os, 2 mess\"><a rel=\"external nofollow\" href=\"https:\/\/yamberadiodigital.com\">El administrador<\/a> : <\/span>  \u00a1Felicidades! Has instalado Simple Ajax Chat correctamente.<\/li>\n<\/ul>\n<\/div>\t\t\n\t\t<div id=\"sac-panel\">\n\t\t\t<form id=\"sac-form\" method=\"post\" action=\"https:\/\/yamberadiodigital.com\/wp-content\/plugins\/simple-ajax-chat\/simple-ajax-chat-core.php\">\n\t\t\t\t\n\t\t\t\t\t\t\t\t\n\t\t\t\t<fieldset id=\"sac-user-info\">\n\t\t\t\t\t<label for=\"sac_name\">Nombre<\/label> \n\t\t\t\t\t<input type=\"text\" name=\"sac_name\" id=\"sac_name\" value=\"\" placeholder=\"Nombre\" \/>\n\t\t\t\t<\/fieldset>\n\t\t\t\t\n\t\t\t\t<div style=\"display:none;\">\t\t\t\t\n\t\t\t\t<fieldset id=\"sac-user-url\">\n\t\t\t\t\t<label for=\"sac_url\">URL<\/label> \n\t\t\t\t\t<input type=\"url\" name=\"sac_url\" id=\"sac_url\" value=\"https:\/\/\" placeholder=\"URL\" \/>\n\t\t\t\t<\/fieldset>\n\t\t\t\t\n\t\t\t\t<\/div>\t\t\t\t\n\t\t\t\t<fieldset id=\"sac-user-chat\">\n\t\t\t\t\t<label for=\"sac_chat\">Mensaje<\/label> \n\t\t\t\t\t\t\t\t\t\t\n\t\t\t\t\t<textarea name=\"sac_chat\" id=\"sac_chat\" rows=\"5\" cols=\"50\"  onkeypress=\"if (typeof pressedEnter == 'function') return pressedEnter(this,event);\" placeholder=\"Mensaje\"><\/textarea>\n\t\t\t\t\t\t\t\t\t\t\n\t\t\t\t<\/fieldset>\n\t\t\t\t\n\t\t\t\t<fieldset id=\"sac_verify\" style=\"display:none;height:0;width:0;\">\n\t\t\t\t\t<label for=\"sac_verify\">Verificaci\u00f3n humana: deja este campo vac\u00edo.<\/label>\n\t\t\t\t\t<input name=\"sac_verify\" type=\"text\" size=\"33\" maxlength=\"99\" value=\"\" \/>\n\t\t\t\t<\/fieldset>\n\t\t\t\t\n\t\t\t\t<div id=\"sac-user-submit\">\n\t\t\t\t\t<div class=\"sac_js_nonce\"><\/div>\n\t\t\t\t\t<input type=\"submit\" id=\"submitchat\" name=\"submit\" class=\"submit\" value=\"Enviar\" \/>\n\t\t\t\t\t<input type=\"hidden\" id=\"sac_lastID\" value=\"48\" name=\"sac_lastID\" \/>\n\t\t\t\t\t<input type=\"hidden\" name=\"sac_no_js\" value=\"true\" \/>\n\t\t\t\t\t<input type=\"hidden\" name=\"PHPSESSID\" value=\"cea14c744ce55d1827ce6221aa4200bf\" \/>\n\t\t\t\t\t<input type=\"hidden\" id=\"sac_nonce\" name=\"sac_nonce\" value=\"164d575151\" \/>\t\t\t\t\t\n\t\t\t\t<\/div>\n\t\t\t<\/form>\n\t\t\t<script>(function(){var e = document.getElementById(\"sac_verify\");e.parentNode.removeChild(e);})();<\/script>\n\t\t\t<!-- Simple Ajax Chat @ https:\/\/perishablepress.com\/simple-ajax-chat\/ -->\n\t\t<\/div>\n\t\t\n\t\t\t\t\t\n\t\t\t<audio id=\"TheBox\">\n\t\t\t\t<source src=\"https:\/\/yamberadiodigital.com\/wp-content\/plugins\/simple-ajax-chat\/resources\/audio\/msg.mp3\"><\/source>\n\t\t\t\t<source src=\"https:\/\/yamberadiodigital.com\/wp-content\/plugins\/simple-ajax-chat\/resources\/audio\/msg.ogg\"><\/source>\n\t\t\t\t<!-- your browser does not support audio -->\n\t\t\t<\/audio>\n\t\t\t\n\t\t<\/div><style type=\"text\/css\">div#simple-ajax-chat{width:100%;overflow:hidden;margin:0 0 20px 0;}\r\ndiv#sac-content{display:none;}\r\ndiv#sac-output{float:left;width:58%;height:350px;overflow:auto;border:1px solid #d1d1d1;}\r\ndiv#sac-output.sac-reg-req{float:none;width:100%;height:auto;border:0;}\r\ndiv#sac-latest-message{padding:5px 10px;font-size:14px;background-color:#d1d1d1;text-shadow:1px 1px 1px rgba(255,255,255,0.5);}\r\nul#sac-messages{margin:10px 0;padding:0;font-size:14px;line-height:20px;}\r\nul#sac-messages li{margin:0;padding:4px 10px;}\r\nul#sac-messages li span{font-weight:bold;}\r\ndiv#sac-panel{float:right;width:38%;}\r\nform#sac-form fieldset{margin:0 0 5px 0;padding:0;border:0;}\r\nform#sac-form fieldset label,form#sac-form fieldset input,form#sac-form fieldset textarea{float:left;clear:both;width:94%;margin:0 0 2px 0;font-size:14px;}\r\nform#sac-form fieldset textarea{height:133px;}\r\n.tooltip{border:0;text-shadow:none;}<\/style>\n\n<\/div>\n\t\t\t\t<\/div>\n\t\t\t\t<\/div>\n\t\t\t\t\t<\/div>\n\t\t<\/div>\n\t\t\t\t\t<\/div>\n\t\t<\/section>\n\t\t\t\t<\/div>\n\t\t","protected":false},"excerpt":{"rendered":"","protected":false},"author":1,"featured_media":0,"parent":0,"menu_order":0,"comment_status":"closed","ping_status":"closed","template":"","meta":{"site-sidebar-layout":"no-sidebar","site-content-layout":"","ast-site-content-layout":"full-width-container","site-content-style":"default","site-sidebar-style":"default","ast-global-header-display":"","ast-banner-title-visibility":"","ast-main-header-display":"","ast-hfb-above-header-display":"","ast-hfb-below-header-display":"","ast-hfb-mobile-header-display":"","site-post-title":"disabled","ast-breadcrumbs-content":"","ast-featured-img":"disabled","footer-sml-layout":"","theme-transparent-header-meta":"","adv-header-id-meta":"","stick-header-meta":"","header-above-stick-meta":"","header-main-stick-meta":"","header-below-stick-meta":"","astra-migrate-meta-layouts":"default","ast-page-background-enabled":"default","ast-page-background-meta":{"desktop":{"background-color":"var(--ast-global-color-4)","background-image":"","background-repeat":"repeat","background-position":"center center","background-size":"auto","background-attachment":"scroll","background-type":"","background-media":"","overlay-type":"","overlay-color":"","overlay-gradient":""},"tablet":{"background-color":"","background-image":"","background-repeat":"repeat","background-position":"center center","background-size":"auto","background-attachment":"scroll","background-type":"","background-media":"","overlay-type":"","overlay-color":"","overlay-gradient":""},"mobile":{"background-color":"","background-image":"","background-repeat":"repeat","background-position":"center center","background-size":"auto","background-attachment":"scroll","background-type":"","background-media":"","overlay-type":"","overlay-color":"","overlay-gradient":""}},"ast-content-background-meta":{"desktop":{"background-color":"var(--ast-global-color-5)","background-image":"","background-repeat":"repeat","background-position":"center center","background-size":"auto","background-attachment":"scroll","background-type":"","background-media":"","overlay-type":"","overlay-color":"","overlay-gradient":""},"tablet":{"background-color":"var(--ast-global-color-5)","background-image":"","background-repeat":"repeat","background-position":"center center","background-size":"auto","background-attachment":"scroll","background-type":"","background-media":"","overlay-type":"","overlay-color":"","overlay-gradient":""},"mobile":{"background-color":"var(--ast-global-color-5)","background-image":"","background-repeat":"repeat","background-position":"center center","background-size":"auto","background-attachment":"scroll","background-type":"","background-media":"","overlay-type":"","overlay-color":"","overlay-gradient":""}},"_joinchat":[],"footnotes":""},"class_list":["post-248","page","type-page","status-publish","hentry"],"_links":{"self":[{"href":"https:\/\/yamberadiodigital.com\/index.php\/wp-json\/wp\/v2\/pages\/248","targetHints":{"allow":["GET"]}}],"collection":[{"href":"https:\/\/yamberadiodigital.com\/index.php\/wp-json\/wp\/v2\/pages"}],"about":[{"href":"https:\/\/yamberadiodigital.com\/index.php\/wp-json\/wp\/v2\/types\/page"}],"author":[{"embeddable":true,"href":"https:\/\/yamberadiodigital.com\/index.php\/wp-json\/wp\/v2\/users\/1"}],"replies":[{"embeddable":true,"href":"https:\/\/yamberadiodigital.com\/index.php\/wp-json\/wp\/v2\/comments?post=248"}],"version-history":[{"count":4,"href":"https:\/\/yamberadiodigital.com\/index.php\/wp-json\/wp\/v2\/pages\/248\/revisions"}],"predecessor-version":[{"id":252,"href":"https:\/\/yamberadiodigital.com\/index.php\/wp-json\/wp\/v2\/pages\/248\/revisions\/252"}],"wp:attachment":[{"href":"https:\/\/yamberadiodigital.com\/index.php\/wp-json\/wp\/v2\/media?parent=248"}],"curies":[{"name":"wp","href":"https:\/\/api.w.org\/{rel}","templated":true}]}}